{"id":32226,"date":"2014-05-24T14:01:43","date_gmt":"2014-05-24T14:01:43","guid":{"rendered":"https:\/\/dolphinrealestates.com\/contactez-nous\/"},"modified":"2025-06-19T01:00:25","modified_gmt":"2025-06-19T01:00:25","slug":"contactez-nous","status":"publish","type":"page","link":"https:\/\/dolphinrealestates.com\/fr\/contactez-nous\/","title":{"rendered":"Contactez-nous"},"content":{"rendered":"\t\t<div data-elementor-type=\"wp-page\" data-elementor-id=\"32226\" class=\"elementor elementor-32226 elementor-28981\">\n\t\t\t\t<div class=\"elementor-element elementor-element-5f8c2130 e-flex e-con-boxed e-con e-parent\" data-id=\"5f8c2130\" data-element_type=\"container\" data-e-type=\"container\">\n\t\t\t\t\t<div class=\"e-con-inner\">\n\t\t\t\t<div class=\"elementor-element elementor-element-50b2e835 elementor-widget elementor-widget-text-editor\" data-id=\"50b2e835\" data-element_type=\"widget\" data-e-type=\"widget\" data-widget_type=\"text-editor.default\">\n\t\t\t\t<div class=\"elementor-widget-container\">\n\t\t\t\t\t\t\t\t\t<p>Que vous recherchiez un bien \u00e0 vendre ou \u00e0 louer, Dolphin Real Estates simplifie vos recherches. Utilisez notre site web pour trouver la villa, la maison de ville ou l&rsquo;appartement id\u00e9al et contactez-nous. Nous vous aiderons \u00e0 trouver la maison de vos r\u00eaves en quelques secondes.<\/p>\n\t\t\t\t\t\t\t\t<\/div>\n\t\t\t\t<\/div>\n\t\t\t\t\t<\/div>\n\t\t\t\t<\/div>\n\t\t\t\t<\/div>\n\t\t","protected":false},"excerpt":{"rendered":"<p>Que vous recherchiez un bien \u00e0 vendre ou \u00e0 louer, Dolphin Real Estates simplifie vos recherches. Utilisez notre site web pour trouver la villa, la maison de ville ou l&rsquo;appartement id\u00e9al et contactez-nous. Nous vous aiderons \u00e0 trouver la maison de vos r\u00eaves en quelques secondes.<\/p>\n","protected":false},"author":2,"featured_media":0,"parent":0,"menu_order":0,"comment_status":"closed","ping_status":"closed","template":"page-templates\/contact_page.php","meta":{"inline_featured_image":false,"footnotes":""},"class_list":["post-32226","page","type-page","status-publish","hentry"],"yoast_head":"<!-- This site is optimized with the Yoast SEO plugin v27.4 - https:\/\/yoast.com\/product\/yoast-seo-wordpress\/ -->\n<title>Contactez-nous - Dolphin Real Estates<\/title>\n<meta name=\"description\" content=\"Contactez Dolphin Real Estates, votre partenaire en recherche immobili\u00e8re...\" \/>\n<meta name=\"robots\" content=\"index, follow, max-snippet:-1, max-image-preview:large, max-video-preview:-1\" \/>\n<link rel=\"canonical\" href=\"https:\/\/dolphinrealestates.com\/fr\/contactez-nous\/\" \/>\n<meta property=\"og:locale\" content=\"fr_FR\" \/>\n<meta property=\"og:type\" content=\"article\" \/>\n<meta property=\"og:title\" content=\"Contactez-nous - Dolphin Real Estates\" \/>\n<meta property=\"og:description\" content=\"Contactez Dolphin Real Estates, votre partenaire en recherche immobili\u00e8re...\" \/>\n<meta property=\"og:url\" content=\"https:\/\/dolphinrealestates.com\/fr\/contactez-nous\/\" \/>\n<meta property=\"og:site_name\" content=\"Dolphin Real Estates\" \/>\n<meta property=\"article:publisher\" content=\"https:\/\/www.facebook.com\/Dolphinthailandrealestates\" \/>\n<meta property=\"article:modified_time\" content=\"2025-06-19T01:00:25+00:00\" \/>\n<meta name=\"twitter:card\" content=\"summary_large_image\" \/>\n<script type=\"application\/ld+json\" class=\"yoast-schema-graph\">{\"@context\":\"https:\\\/\\\/schema.org\",\"@graph\":[{\"@type\":\"WebPage\",\"@id\":\"https:\\\/\\\/dolphinrealestates.com\\\/fr\\\/contactez-nous\\\/\",\"url\":\"https:\\\/\\\/dolphinrealestates.com\\\/fr\\\/contactez-nous\\\/\",\"name\":\"Contactez-nous - Dolphin Real Estates\",\"isPartOf\":{\"@id\":\"https:\\\/\\\/dolphinrealestates.com\\\/fr\\\/#website\"},\"datePublished\":\"2014-05-24T14:01:43+00:00\",\"dateModified\":\"2025-06-19T01:00:25+00:00\",\"description\":\"Contactez Dolphin Real Estates, votre partenaire en recherche immobili\u00e8re...\",\"breadcrumb\":{\"@id\":\"https:\\\/\\\/dolphinrealestates.com\\\/fr\\\/contactez-nous\\\/#breadcrumb\"},\"inLanguage\":\"fr-FR\",\"potentialAction\":[{\"@type\":\"ReadAction\",\"target\":[\"https:\\\/\\\/dolphinrealestates.com\\\/fr\\\/contactez-nous\\\/\"]}]},{\"@type\":\"BreadcrumbList\",\"@id\":\"https:\\\/\\\/dolphinrealestates.com\\\/fr\\\/contactez-nous\\\/#breadcrumb\",\"itemListElement\":[{\"@type\":\"ListItem\",\"position\":1,\"name\":\"Home\",\"item\":\"https:\\\/\\\/dolphinrealestates.com\\\/fr\\\/\"},{\"@type\":\"ListItem\",\"position\":2,\"name\":\"Contactez-nous\"}]},{\"@type\":\"WebSite\",\"@id\":\"https:\\\/\\\/dolphinrealestates.com\\\/fr\\\/#website\",\"url\":\"https:\\\/\\\/dolphinrealestates.com\\\/fr\\\/\",\"name\":\"Dolphin Real Estates\",\"description\":\"Your Home. Your Future. Our Priority.\",\"publisher\":{\"@id\":\"https:\\\/\\\/dolphinrealestates.com\\\/fr\\\/#organization\"},\"potentialAction\":[{\"@type\":\"SearchAction\",\"target\":{\"@type\":\"EntryPoint\",\"urlTemplate\":\"https:\\\/\\\/dolphinrealestates.com\\\/fr\\\/?s={search_term_string}\"},\"query-input\":{\"@type\":\"PropertyValueSpecification\",\"valueRequired\":true,\"valueName\":\"search_term_string\"}}],\"inLanguage\":\"fr-FR\"},{\"@type\":\"Organization\",\"@id\":\"https:\\\/\\\/dolphinrealestates.com\\\/fr\\\/#organization\",\"name\":\"Dolphin Real Estates\",\"url\":\"https:\\\/\\\/dolphinrealestates.com\\\/fr\\\/\",\"logo\":{\"@type\":\"ImageObject\",\"inLanguage\":\"fr-FR\",\"@id\":\"https:\\\/\\\/dolphinrealestates.com\\\/fr\\\/#\\\/schema\\\/logo\\\/image\\\/\",\"url\":\"https:\\\/\\\/dolphinrealestates.com\\\/wp-content\\\/uploads\\\/2025\\\/06\\\/logoicon512.png\",\"contentUrl\":\"https:\\\/\\\/dolphinrealestates.com\\\/wp-content\\\/uploads\\\/2025\\\/06\\\/logoicon512.png\",\"width\":512,\"height\":512,\"caption\":\"Dolphin Real Estates\"},\"image\":{\"@id\":\"https:\\\/\\\/dolphinrealestates.com\\\/fr\\\/#\\\/schema\\\/logo\\\/image\\\/\"},\"sameAs\":[\"https:\\\/\\\/www.facebook.com\\\/Dolphinthailandrealestates\",\"https:\\\/\\\/www.instagram.com\\\/dolphin.realestate.th\"]}]}<\/script>\n<!-- \/ Yoast SEO plugin. -->","yoast_head_json":{"title":"Contactez-nous - Dolphin Real Estates","description":"Contactez Dolphin Real Estates, votre partenaire en recherche immobili\u00e8re...","robots":{"index":"index","follow":"follow","max-snippet":"max-snippet:-1","max-image-preview":"max-image-preview:large","max-video-preview":"max-video-preview:-1"},"canonical":"https:\/\/dolphinrealestates.com\/fr\/contactez-nous\/","og_locale":"fr_FR","og_type":"article","og_title":"Contactez-nous - Dolphin Real Estates","og_description":"Contactez Dolphin Real Estates, votre partenaire en recherche immobili\u00e8re...","og_url":"https:\/\/dolphinrealestates.com\/fr\/contactez-nous\/","og_site_name":"Dolphin Real Estates","article_publisher":"https:\/\/www.facebook.com\/Dolphinthailandrealestates","article_modified_time":"2025-06-19T01:00:25+00:00","twitter_card":"summary_large_image","schema":{"@context":"https:\/\/schema.org","@graph":[{"@type":"WebPage","@id":"https:\/\/dolphinrealestates.com\/fr\/contactez-nous\/","url":"https:\/\/dolphinrealestates.com\/fr\/contactez-nous\/","name":"Contactez-nous - Dolphin Real Estates","isPartOf":{"@id":"https:\/\/dolphinrealestates.com\/fr\/#website"},"datePublished":"2014-05-24T14:01:43+00:00","dateModified":"2025-06-19T01:00:25+00:00","description":"Contactez Dolphin Real Estates, votre partenaire en recherche immobili\u00e8re...","breadcrumb":{"@id":"https:\/\/dolphinrealestates.com\/fr\/contactez-nous\/#breadcrumb"},"inLanguage":"fr-FR","potentialAction":[{"@type":"ReadAction","target":["https:\/\/dolphinrealestates.com\/fr\/contactez-nous\/"]}]},{"@type":"BreadcrumbList","@id":"https:\/\/dolphinrealestates.com\/fr\/contactez-nous\/#breadcrumb","itemListElement":[{"@type":"ListItem","position":1,"name":"Home","item":"https:\/\/dolphinrealestates.com\/fr\/"},{"@type":"ListItem","position":2,"name":"Contactez-nous"}]},{"@type":"WebSite","@id":"https:\/\/dolphinrealestates.com\/fr\/#website","url":"https:\/\/dolphinrealestates.com\/fr\/","name":"Dolphin Real Estates","description":"Your Home. Your Future. Our Priority.","publisher":{"@id":"https:\/\/dolphinrealestates.com\/fr\/#organization"},"potentialAction":[{"@type":"SearchAction","target":{"@type":"EntryPoint","urlTemplate":"https:\/\/dolphinrealestates.com\/fr\/?s={search_term_string}"},"query-input":{"@type":"PropertyValueSpecification","valueRequired":true,"valueName":"search_term_string"}}],"inLanguage":"fr-FR"},{"@type":"Organization","@id":"https:\/\/dolphinrealestates.com\/fr\/#organization","name":"Dolphin Real Estates","url":"https:\/\/dolphinrealestates.com\/fr\/","logo":{"@type":"ImageObject","inLanguage":"fr-FR","@id":"https:\/\/dolphinrealestates.com\/fr\/#\/schema\/logo\/image\/","url":"https:\/\/dolphinrealestates.com\/wp-content\/uploads\/2025\/06\/logoicon512.png","contentUrl":"https:\/\/dolphinrealestates.com\/wp-content\/uploads\/2025\/06\/logoicon512.png","width":512,"height":512,"caption":"Dolphin Real Estates"},"image":{"@id":"https:\/\/dolphinrealestates.com\/fr\/#\/schema\/logo\/image\/"},"sameAs":["https:\/\/www.facebook.com\/Dolphinthailandrealestates","https:\/\/www.instagram.com\/dolphin.realestate.th"]}]}},"_links":{"self":[{"href":"https:\/\/dolphinrealestates.com\/fr\/wp-json\/wp\/v2\/pages\/32226","targetHints":{"allow":["GET"]}}],"collection":[{"href":"https:\/\/dolphinrealestates.com\/fr\/wp-json\/wp\/v2\/pages"}],"about":[{"href":"https:\/\/dolphinrealestates.com\/fr\/wp-json\/wp\/v2\/types\/page"}],"author":[{"embeddable":true,"href":"https:\/\/dolphinrealestates.com\/fr\/wp-json\/wp\/v2\/users\/2"}],"replies":[{"embeddable":true,"href":"https:\/\/dolphinrealestates.com\/fr\/wp-json\/wp\/v2\/comments?post=32226"}],"version-history":[{"count":0,"href":"https:\/\/dolphinrealestates.com\/fr\/wp-json\/wp\/v2\/pages\/32226\/revisions"}],"wp:attachment":[{"href":"https:\/\/dolphinrealestates.com\/fr\/wp-json\/wp\/v2\/media?parent=32226"}],"curies":[{"name":"wp","href":"https:\/\/api.w.org\/{rel}","templated":true}]}}