{"id":32208,"date":"2022-04-12T11:00:35","date_gmt":"2022-04-12T11:00:35","guid":{"rendered":"https:\/\/dolphinrealestates.com\/a-propos-de-nous\/"},"modified":"2025-06-17T01:21:08","modified_gmt":"2025-06-17T01:21:08","slug":"a-propos-de-nous","status":"publish","type":"page","link":"https:\/\/dolphinrealestates.com\/fr\/a-propos-de-nous\/","title":{"rendered":"\u00c0 propos de nous"},"content":{"rendered":"\t\t<div data-elementor-type=\"wp-page\" data-elementor-id=\"32208\" class=\"elementor elementor-32208 elementor-29436\">\n\t\t\t\t<div class=\"elementor-element elementor-element-1027f67f animated-slow e-flex e-con-boxed elementor-invisible e-con e-parent\" data-id=\"1027f67f\" data-element_type=\"container\" data-e-type=\"container\" data-settings=\"{&quot;background_background&quot;:&quot;classic&quot;,&quot;animation&quot;:&quot;fadeIn&quot;}\">\n\t\t\t\t\t<div class=\"e-con-inner\">\n\t\t<div class=\"elementor-element elementor-element-45b7684b e-con-full e-flex e-con e-child\" data-id=\"45b7684b\" data-element_type=\"container\" data-e-type=\"container\" data-settings=\"{&quot;background_background&quot;:&quot;classic&quot;}\">\n\t\t\t\t<div class=\"elementor-element elementor-element-253c2197 elementor-widget elementor-widget-heading\" data-id=\"253c2197\" data-element_type=\"widget\" data-e-type=\"widget\" data-widget_type=\"heading.default\">\n\t\t\t\t<div class=\"elementor-widget-container\">\n\t\t\t\t\t<h2 class=\"elementor-heading-title elementor-size-default\">Dolphin Real Estates <\/br>Votre partenaire immobilier local<\/h2>\t\t\t\t<\/div>\n\t\t\t\t<\/div>\n\t\t\t\t<\/div>\n\t\t\t\t\t<\/div>\n\t\t\t\t<\/div>\n\t\t<div class=\"elementor-element elementor-element-42dc21e6 e-flex e-con-boxed e-con e-parent\" data-id=\"42dc21e6\" data-element_type=\"container\" data-e-type=\"container\" data-settings=\"{&quot;background_background&quot;:&quot;classic&quot;}\">\n\t\t\t\t\t<div class=\"e-con-inner\">\n\t\t<div class=\"elementor-element elementor-element-3b56215c e-flex e-con-boxed e-con e-child\" data-id=\"3b56215c\" data-element_type=\"container\" data-e-type=\"container\">\n\t\t\t\t\t<div class=\"e-con-inner\">\n\t\t\t\t<div class=\"elementor-element elementor-element-d8bfc77 elementor-invisible elementor-widget elementor-widget-heading\" data-id=\"d8bfc77\" data-element_type=\"widget\" data-e-type=\"widget\" data-settings=\"{&quot;_animation&quot;:&quot;fadeIn&quot;,&quot;_animation_delay&quot;:200}\" data-widget_type=\"heading.default\">\n\t\t\t\t<div class=\"elementor-widget-container\">\n\t\t\t\t\t<h2 class=\"elementor-heading-title elementor-size-default\">A propos de nous<\/h2>\t\t\t\t<\/div>\n\t\t\t\t<\/div>\n\t\t\t\t<div class=\"elementor-element elementor-element-6e894ddd elementor-invisible elementor-widget elementor-widget-heading\" data-id=\"6e894ddd\" data-element_type=\"widget\" data-e-type=\"widget\" data-settings=\"{&quot;_animation&quot;:&quot;fadeIn&quot;,&quot;_animation_delay&quot;:50}\" data-widget_type=\"heading.default\">\n\t\t\t\t<div class=\"elementor-widget-container\">\n\t\t\t\t\t<h2 class=\"elementor-heading-title elementor-size-default\">Nous ne sommes pas simplement une autre agence immobili\u00e8re. Nous sommes votre guide : nous vous aidons \u00e0 trouver la maison qui correspond \u00e0 votre style de vie ou \u00e0 la vendre \u00e0 un prix qui vous fait sourire.<\/h2>\t\t\t\t<\/div>\n\t\t\t\t<\/div>\n\t\t\t\t\t<\/div>\n\t\t\t\t<\/div>\n\t\t<div class=\"elementor-element elementor-element-4f409687 e-con-full e-flex e-con e-child\" data-id=\"4f409687\" data-element_type=\"container\" data-e-type=\"container\">\n\t\t<div class=\"elementor-element elementor-element-5a282fd1 e-con-full e-flex e-con e-child\" data-id=\"5a282fd1\" data-element_type=\"container\" data-e-type=\"container\">\n\t\t\t\t<div class=\"elementor-element elementor-element-a164460 elementor-invisible elementor-widget elementor-widget-heading\" data-id=\"a164460\" data-element_type=\"widget\" data-e-type=\"widget\" data-settings=\"{&quot;_animation&quot;:&quot;fadeIn&quot;,&quot;_animation_delay&quot;:50}\" data-widget_type=\"heading.default\">\n\t\t\t\t<div class=\"elementor-widget-container\">\n\t\t\t\t\t<h3 class=\"elementor-heading-title elementor-size-default\">Pourquoi travailler avec nous?<\/h3>\t\t\t\t<\/div>\n\t\t\t\t<\/div>\n\t\t\t\t<div class=\"elementor-element elementor-element-55a013f4 elementor-invisible elementor-widget elementor-widget-text-editor\" data-id=\"55a013f4\" data-element_type=\"widget\" data-e-type=\"widget\" data-settings=\"{&quot;_animation&quot;:&quot;fadeIn&quot;,&quot;_animation_delay&quot;:50}\" data-widget_type=\"text-editor.default\">\n\t\t\t\t<div class=\"elementor-widget-container\">\n\t\t\t\t\t\t\t\t\t<ul>\n<li data-start=\"1320\" data-end=\"1413\">\n<p data-start=\"1322\" data-end=\"1413\">Nous connaissons les quartiers tha\u00eflandais par c\u0153ur\u00a0: \u00e9coles, plages, transports et ambiance locale.<\/p>\n<\/li>\n<li data-start=\"1414\" data-end=\"1482\">\n<p data-start=\"1416\" data-end=\"1482\">Nous avons aid\u00e9 des familles \u00e0 emm\u00e9nager ou \u00e0 d\u00e9m\u00e9nager rapidement et en douceur.<\/p>\n<\/li>\n<li data-start=\"1483\" data-end=\"1571\">\n<p data-start=\"1485\" data-end=\"1571\">Nous traitons vos r\u00eaves comme les n\u00f4tres\u00a0: pas de solutions toutes faites, juste ce qui fonctionne pour vous.<\/p>\n<\/li>\n<\/ul>\n\t\t\t\t\t\t\t\t<\/div>\n\t\t\t\t<\/div>\n\t\t\t\t<div class=\"elementor-element elementor-element-57315aa elementor-widget elementor-widget-spacer\" data-id=\"57315aa\" data-element_type=\"widget\" data-e-type=\"widget\" data-widget_type=\"spacer.default\">\n\t\t\t\t<div class=\"elementor-widget-container\">\n\t\t\t\t\t\t\t<div class=\"elementor-spacer\">\n\t\t\t<div class=\"elementor-spacer-inner\"><\/div>\n\t\t<\/div>\n\t\t\t\t\t\t<\/div>\n\t\t\t\t<\/div>\n\t\t\t\t<div class=\"elementor-element elementor-element-77f8fad5 elementor-invisible elementor-widget elementor-widget-heading\" data-id=\"77f8fad5\" data-element_type=\"widget\" data-e-type=\"widget\" data-settings=\"{&quot;_animation&quot;:&quot;fadeIn&quot;,&quot;_animation_delay&quot;:50}\" data-widget_type=\"heading.default\">\n\t\t\t\t<div class=\"elementor-widget-container\">\n\t\t\t\t\t<h3 class=\"elementor-heading-title elementor-size-default\">Rencontrez l'\u00e9quipe derri\u00e8re Dolphins Real Estates<\/h3>\t\t\t\t<\/div>\n\t\t\t\t<\/div>\n\t\t\t\t<div class=\"elementor-element elementor-element-7c7d1f57 elementor-invisible elementor-widget elementor-widget-text-editor\" data-id=\"7c7d1f57\" data-element_type=\"widget\" data-e-type=\"widget\" data-settings=\"{&quot;_animation&quot;:&quot;fadeIn&quot;,&quot;_animation_delay&quot;:50}\" data-widget_type=\"text-editor.default\">\n\t\t\t\t<div class=\"elementor-widget-container\">\n\t\t\t\t\t\t\t\t\t<p>Notre \u00e9quipe est bien plus que des agents experts\u00a0: nous sommes vos voisins.<\/p>\n\t\t\t\t\t\t\t\t<\/div>\n\t\t\t\t<\/div>\n\t\t\t\t<\/div>\n\t\t<div class=\"elementor-element elementor-element-12d6120a e-con-full e-flex e-con e-child\" data-id=\"12d6120a\" data-element_type=\"container\" data-e-type=\"container\">\n\t\t\t\t<div class=\"elementor-element elementor-element-432d4265 elementor-invisible elementor-widget elementor-widget-heading\" data-id=\"432d4265\" data-element_type=\"widget\" data-e-type=\"widget\" data-settings=\"{&quot;_animation&quot;:&quot;fadeIn&quot;,&quot;_animation_delay&quot;:50}\" data-widget_type=\"heading.default\">\n\t\t\t\t<div class=\"elementor-widget-container\">\n\t\t\t\t\t<h3 class=\"elementor-heading-title elementor-size-default\">Notre promesse envers vous<\/h3>\t\t\t\t<\/div>\n\t\t\t\t<\/div>\n\t\t\t\t<div class=\"elementor-element elementor-element-6adb0c14 elementor-invisible elementor-widget elementor-widget-text-editor\" data-id=\"6adb0c14\" data-element_type=\"widget\" data-e-type=\"widget\" data-settings=\"{&quot;_animation&quot;:&quot;fadeIn&quot;,&quot;_animation_delay&quot;:50}\" data-widget_type=\"text-editor.default\">\n\t\t\t\t<div class=\"elementor-widget-container\">\n\t\t\t\t\t\t\t\t\t<p data-start=\"1578\" data-end=\"1669\">Vous m\u00e9ritez un processus simple, transparent et sans stress.<\/p>\n<ul data-start=\"1670\" data-end=\"1850\">\n<li data-start=\"1670\" data-end=\"1710\">\n<p data-start=\"1672\" data-end=\"1710\"><strong data-start=\"1672\" data-end=\"1689\">Cl\u00f4tures rapides<\/strong> sans surprises.<\/p>\n<\/li>\n<li data-start=\"1711\" data-end=\"1778\">\n<p data-start=\"1713\" data-end=\"1778\"><strong data-start=\"1713\" data-end=\"1736\">Un aper\u00e7u local clair<\/strong>, comme des tr\u00e9sors cach\u00e9s dans votre quartier.<\/p>\n<\/li>\n<li data-start=\"1779\" data-end=\"1850\">\n<p data-start=\"1781\" data-end=\"1850\">Toujours <strong data-start=\"1788\" data-end=\"1811\">une \u00e9tape suivante claire<\/strong>, qu&rsquo;il s&rsquo;agisse d&rsquo;acheter, de vendre ou d&rsquo;investir.<\/p>\n<\/li>\n<\/ul>\n\t\t\t\t\t\t\t\t<\/div>\n\t\t\t\t<\/div>\n\t\t\t\t<div class=\"elementor-element elementor-element-29a1e64e elementor-widget elementor-widget-spacer\" data-id=\"29a1e64e\" data-element_type=\"widget\" data-e-type=\"widget\" data-widget_type=\"spacer.default\">\n\t\t\t\t<div class=\"elementor-widget-container\">\n\t\t\t\t\t\t\t<div class=\"elementor-spacer\">\n\t\t\t<div class=\"elementor-spacer-inner\"><\/div>\n\t\t<\/div>\n\t\t\t\t\t\t<\/div>\n\t\t\t\t<\/div>\n\t\t\t\t<div class=\"elementor-element elementor-element-e144a31 elementor-invisible elementor-widget elementor-widget-heading\" data-id=\"e144a31\" data-element_type=\"widget\" data-e-type=\"widget\" data-settings=\"{&quot;_animation&quot;:&quot;fadeIn&quot;,&quot;_animation_delay&quot;:50}\" data-widget_type=\"heading.default\">\n\t\t\t\t<div class=\"elementor-widget-container\">\n\t\t\t\t\t<h3 class=\"elementor-heading-title elementor-size-default\">Ce qui nous distingue<\/h3>\t\t\t\t<\/div>\n\t\t\t\t<\/div>\n\t\t\t\t<div class=\"elementor-element elementor-element-5872fa11 elementor-invisible elementor-widget elementor-widget-text-editor\" data-id=\"5872fa11\" data-element_type=\"widget\" data-e-type=\"widget\" data-settings=\"{&quot;_animation&quot;:&quot;fadeIn&quot;,&quot;_animation_delay&quot;:50}\" data-widget_type=\"text-editor.default\">\n\t\t\t\t<div class=\"elementor-widget-container\">\n\t\t\t\t\t\t\t\t\t<ul>\n<li data-start=\"2345\" data-end=\"2460\">\n<p data-start=\"2348\" data-end=\"2460\"><strong data-start=\"2348\" data-end=\"2394\">Une v\u00e9ritable expertise locale \u00e0 chaque interaction<\/strong> \u2013 nous parlons la <strong data-start=\"2405\" data-end=\"2437\">langue de votre quartier<\/strong>, et non le jargon de l&rsquo;entreprise.<\/p>\n<\/li>\n<li data-start=\"2461\" data-end=\"2565\">\n<p data-start=\"2464\" data-end=\"2565\"><strong data-start=\"2464\" data-end=\"2482\">R\u00e9sultats prouv\u00e9s<\/strong> \u2013 \u00ab Nous avons vendu notre condo en 10 jours au-dessus du prix demand\u00e9 \u00bb n&rsquo;est pas une promesse, c&rsquo;est ce que nous avons fait.<\/p>\n<\/li>\n<li data-start=\"2566\" data-end=\"2661\">\n<p data-start=\"2569\" data-end=\"2661\"><strong data-start=\"2569\" data-end=\"2601\">Approche conviviale et sans stress<\/strong> \u2013 nous nous occupons des formalit\u00e9s administratives pour que vous puissiez vous concentrer sur votre nouvelle maison.<\/p>\n<\/li>\n<\/ul>\n\t\t\t\t\t\t\t\t<\/div>\n\t\t\t\t<\/div>\n\t\t\t\t<\/div>\n\t\t\t\t<\/div>\n\t\t\t\t\t<\/div>\n\t\t\t\t<\/div>\n\t\t<div class=\"elementor-element elementor-element-681f95eb e-flex e-con-boxed e-con e-parent\" data-id=\"681f95eb\" data-element_type=\"container\" data-e-type=\"container\" data-settings=\"{&quot;background_background&quot;:&quot;classic&quot;}\">\n\t\t\t\t\t<div class=\"e-con-inner\">\n\t\t<div class=\"elementor-element elementor-element-43f392a3 e-flex e-con-boxed e-con e-child\" data-id=\"43f392a3\" data-element_type=\"container\" data-e-type=\"container\" data-settings=\"{&quot;background_background&quot;:&quot;classic&quot;}\">\n\t\t\t\t\t<div class=\"e-con-inner\">\n\t\t<div class=\"elementor-element elementor-element-63490d82 e-con-full e-flex e-con e-child\" data-id=\"63490d82\" data-element_type=\"container\" data-e-type=\"container\" data-settings=\"{&quot;background_background&quot;:&quot;classic&quot;}\">\n\t\t\t\t<\/div>\n\t\t<div class=\"elementor-element elementor-element-28d0b8cd e-con-full e-flex e-con e-child\" data-id=\"28d0b8cd\" data-element_type=\"container\" data-e-type=\"container\">\n\t\t\t\t<div class=\"elementor-element elementor-element-660cad91 elementor-invisible elementor-widget elementor-widget-heading\" data-id=\"660cad91\" data-element_type=\"widget\" data-e-type=\"widget\" data-settings=\"{&quot;_animation&quot;:&quot;fadeIn&quot;,&quot;_animation_delay&quot;:200}\" data-widget_type=\"heading.default\">\n\t\t\t\t<div class=\"elementor-widget-container\">\n\t\t\t\t\t<h2 class=\"elementor-heading-title elementor-size-default\">Pr\u00eat \u00e0 passer \u00e0 l\u2019action\u00a0? Nous serions ravis de discuter avec vous, sans pression, simplement d\u2019une conversation amicale sur ce que vous voulez vraiment.<\/h2>\t\t\t\t<\/div>\n\t\t\t\t<\/div>\n\t\t\t\t<div class=\"elementor-element elementor-element-83d821a elementor-button-align-stretch elementor-invisible elementor-widget elementor-widget-WpResidence_Contact_Form_Builder\" data-id=\"83d821a\" data-element_type=\"widget\" data-e-type=\"widget\" data-settings=\"{&quot;_animation&quot;:&quot;fadeIn&quot;,&quot;_animation_delay&quot;:50}\" data-widget_type=\"WpResidence_Contact_Form_Builder.default\">\n\t\t\t\t<div class=\"elementor-widget-container\">\n\t\t\t\t\t\n\n\n\n\n        <form class=\"elementor-form wpresidence_elementor_form wpestate_contact_form_parent\"  id=\"wpresidence-elementor-form-83d821a\" method=\"post\" >\n            <div class=\"alert-box error\">\n                <div class=\"alert-message\" id=\"alert-agent-contact\"><\/div>\n            <\/div>\n            <input name=\"prop_id\" type=\"hidden\"  id=\"agent_property_id\" value=\"\">\n            <input name=\"prop_id\" type=\"hidden\"  id=\"agent_id\" value=\"\">\n            <input name=\"prop_id\" type=\"hidden\"  id=\"contact_form_elementor\" value=\"1\">\n            <input type=\"hidden\" name=\"contact_ajax_nonce\" id=\"agent_property_ajax_nonce\"  value=\"d3c468a6eb\" \/>\n\n            \n            \n            <input type=\"hidden\" id=\"wpresidence_form_id\" name=\"wpresidence_form_id\" value=\"wpresidence_form_7883\" \/>\n        \n            <input type=\"hidden\" id=\"elementor_email_subject\" name=\"email_suject\" value=\"New email from &quot;WpResidence Real Estate Demo&quot; \" \/>\n\n\n            <div class=\"elementor-form-fields-wrapper elementor-labels-above\">\n        <div class=\"elementor-field-group elementor-column form-group elementor-field-group-name elementor-field-required elementor-col-50\"><label for=\"form-field-name\" class=\"elementor-field-label\">Last name*<\/label><input type=\"text\" name=\"last_name\" id=\"form-field-name\" class=\"elementor-field form-control elementor-size-sm elementor-field-textual\" required=\"required\" placeholder=\"Last name\"><\/div><div class=\"elementor-field-group elementor-column form-group elementor-field-group-5217b40 elementor-field-required elementor-col-50\"><label for=\"form-field-5217b40\" class=\"elementor-field-label\">First name*<\/label><input type=\"text\" name=\"first_name\" id=\"form-field-5217b40\" class=\"elementor-field form-control elementor-size-sm elementor-field-textual\" required=\"required\" placeholder=\"First name\"><\/div><div class=\"elementor-field-group elementor-column form-group elementor-field-group-email elementor-field-required elementor-col-50\"><label for=\"form-field-email\" class=\"elementor-field-label\">Email*<\/label><input type=\"email\" name=\"email\" id=\"form-field-email\" class=\"elementor-field form-control elementor-size-sm elementor-field-textual\" required=\"required\" placeholder=\"Email\"><\/div><div class=\"elementor-field-group elementor-column form-group elementor-field-group-e5a3521 elementor-col-50\"><label for=\"form-field-e5a3521\" class=\"elementor-field-label\">Mobile<\/label><input type=\"text\" name=\"mobile\" id=\"form-field-e5a3521\" class=\"elementor-field form-control elementor-size-sm elementor-field-textual\" placeholder=\"Mobile\"><\/div><div class=\"elementor-field-group elementor-column form-group elementor-field-group-message elementor-col-100\"><label for=\"form-field-message\" class=\"elementor-field-label\">Message<\/label><textarea class=\"form-control elementor-field-textual elementor-field elementor-size-sm\" name=\"message\" id=\"form-field-message\" rows=\"4\" placeholder=\"Message\"><\/textarea><\/div>\n                <div class=\"elementor-field-group elementor-column elementor-field-type-submit elementor-col-100\">\n                            <button type=\"submit\" class=\"agent_submit_class_elementor wpresidence_button wpresidence_button_elementor elementor-button elementor-size-md\">\n                    Send Email                            <\/button>\n\n                <\/div>\n            <\/div>\n\n\n\n        <\/form>\n\n\n\n\n        \t\t\t\t<\/div>\n\t\t\t\t<\/div>\n\t\t\t\t<\/div>\n\t\t\t\t\t<\/div>\n\t\t\t\t<\/div>\n\t\t\t\t\t<\/div>\n\t\t\t\t<\/div>\n\t\t\t\t<\/div>\n\t\t","protected":false},"excerpt":{"rendered":"<p>Dolphin Real Estates Votre partenaire immobilier local A propos de nous Nous ne sommes pas simplement une autre agence immobili\u00e8re. Nous sommes votre guide : nous vous aidons \u00e0 trouver la maison qui correspond \u00e0 votre style de vie ou \u00e0 la vendre \u00e0 un prix qui vous fait sourire. Pourquoi travailler avec nous? Nous connaissons les quartiers tha\u00eflandais par c\u0153ur\u00a0: \u00e9coles, plages, transports &#8230;<\/p>\n","protected":false},"author":2,"featured_media":0,"parent":0,"menu_order":0,"comment_status":"closed","ping_status":"closed","template":"elementor_header_footer","meta":{"inline_featured_image":false,"footnotes":""},"class_list":["post-32208","page","type-page","status-publish","hentry"],"yoast_head":"<!-- This site is optimized with the Yoast SEO plugin v27.4 - https:\/\/yoast.com\/product\/yoast-seo-wordpress\/ -->\n<title>\u00c0 propos de nous - Dolphin Real Estates<\/title>\n<meta name=\"robots\" content=\"index, follow, max-snippet:-1, max-image-preview:large, max-video-preview:-1\" \/>\n<link rel=\"canonical\" href=\"https:\/\/dolphinrealestates.com\/fr\/a-propos-de-nous\/\" \/>\n<meta property=\"og:locale\" content=\"fr_FR\" \/>\n<meta property=\"og:type\" content=\"article\" \/>\n<meta property=\"og:title\" content=\"\u00c0 propos de nous - Dolphin Real Estates\" \/>\n<meta property=\"og:description\" content=\"Dolphin Real Estates Votre partenaire immobilier local A propos de nous Nous ne sommes pas simplement une autre agence immobili\u00e8re. Nous sommes votre guide : nous vous aidons \u00e0 trouver la maison qui correspond \u00e0 votre style de vie ou \u00e0 la vendre \u00e0 un prix qui vous fait sourire. Pourquoi travailler avec nous? Nous connaissons les quartiers tha\u00eflandais par c\u0153ur\u00a0: \u00e9coles, plages, transports ...\" \/>\n<meta property=\"og:url\" content=\"https:\/\/dolphinrealestates.com\/fr\/a-propos-de-nous\/\" \/>\n<meta property=\"og:site_name\" content=\"Dolphin Real Estates\" \/>\n<meta property=\"article:publisher\" content=\"https:\/\/www.facebook.com\/Dolphinthailandrealestates\" \/>\n<meta property=\"article:modified_time\" content=\"2025-06-17T01:21:08+00:00\" \/>\n<meta name=\"twitter:card\" content=\"summary_large_image\" \/>\n<meta name=\"twitter:label1\" content=\"Dur\u00e9e de lecture estim\u00e9e\" \/>\n\t<meta name=\"twitter:data1\" content=\"1 minute\" \/>\n<script type=\"application\/ld+json\" class=\"yoast-schema-graph\">{\"@context\":\"https:\\\/\\\/schema.org\",\"@graph\":[{\"@type\":\"WebPage\",\"@id\":\"https:\\\/\\\/dolphinrealestates.com\\\/fr\\\/a-propos-de-nous\\\/\",\"url\":\"https:\\\/\\\/dolphinrealestates.com\\\/fr\\\/a-propos-de-nous\\\/\",\"name\":\"\u00c0 propos de nous - Dolphin Real Estates\",\"isPartOf\":{\"@id\":\"https:\\\/\\\/dolphinrealestates.com\\\/fr\\\/#website\"},\"datePublished\":\"2022-04-12T11:00:35+00:00\",\"dateModified\":\"2025-06-17T01:21:08+00:00\",\"breadcrumb\":{\"@id\":\"https:\\\/\\\/dolphinrealestates.com\\\/fr\\\/a-propos-de-nous\\\/#breadcrumb\"},\"inLanguage\":\"fr-FR\",\"potentialAction\":[{\"@type\":\"ReadAction\",\"target\":[\"https:\\\/\\\/dolphinrealestates.com\\\/fr\\\/a-propos-de-nous\\\/\"]}]},{\"@type\":\"BreadcrumbList\",\"@id\":\"https:\\\/\\\/dolphinrealestates.com\\\/fr\\\/a-propos-de-nous\\\/#breadcrumb\",\"itemListElement\":[{\"@type\":\"ListItem\",\"position\":1,\"name\":\"Home\",\"item\":\"https:\\\/\\\/dolphinrealestates.com\\\/fr\\\/\"},{\"@type\":\"ListItem\",\"position\":2,\"name\":\"\u00c0 propos de nous\"}]},{\"@type\":\"WebSite\",\"@id\":\"https:\\\/\\\/dolphinrealestates.com\\\/fr\\\/#website\",\"url\":\"https:\\\/\\\/dolphinrealestates.com\\\/fr\\\/\",\"name\":\"Dolphin Real Estates\",\"description\":\"Your Home. Your Future. Our Priority.\",\"publisher\":{\"@id\":\"https:\\\/\\\/dolphinrealestates.com\\\/fr\\\/#organization\"},\"potentialAction\":[{\"@type\":\"SearchAction\",\"target\":{\"@type\":\"EntryPoint\",\"urlTemplate\":\"https:\\\/\\\/dolphinrealestates.com\\\/fr\\\/?s={search_term_string}\"},\"query-input\":{\"@type\":\"PropertyValueSpecification\",\"valueRequired\":true,\"valueName\":\"search_term_string\"}}],\"inLanguage\":\"fr-FR\"},{\"@type\":\"Organization\",\"@id\":\"https:\\\/\\\/dolphinrealestates.com\\\/fr\\\/#organization\",\"name\":\"Dolphin Real Estates\",\"url\":\"https:\\\/\\\/dolphinrealestates.com\\\/fr\\\/\",\"logo\":{\"@type\":\"ImageObject\",\"inLanguage\":\"fr-FR\",\"@id\":\"https:\\\/\\\/dolphinrealestates.com\\\/fr\\\/#\\\/schema\\\/logo\\\/image\\\/\",\"url\":\"https:\\\/\\\/dolphinrealestates.com\\\/wp-content\\\/uploads\\\/2025\\\/06\\\/logoicon512.png\",\"contentUrl\":\"https:\\\/\\\/dolphinrealestates.com\\\/wp-content\\\/uploads\\\/2025\\\/06\\\/logoicon512.png\",\"width\":512,\"height\":512,\"caption\":\"Dolphin Real Estates\"},\"image\":{\"@id\":\"https:\\\/\\\/dolphinrealestates.com\\\/fr\\\/#\\\/schema\\\/logo\\\/image\\\/\"},\"sameAs\":[\"https:\\\/\\\/www.facebook.com\\\/Dolphinthailandrealestates\",\"https:\\\/\\\/www.instagram.com\\\/dolphin.realestate.th\"]}]}<\/script>\n<!-- \/ Yoast SEO plugin. -->","yoast_head_json":{"title":"\u00c0 propos de nous - Dolphin Real Estates","robots":{"index":"index","follow":"follow","max-snippet":"max-snippet:-1","max-image-preview":"max-image-preview:large","max-video-preview":"max-video-preview:-1"},"canonical":"https:\/\/dolphinrealestates.com\/fr\/a-propos-de-nous\/","og_locale":"fr_FR","og_type":"article","og_title":"\u00c0 propos de nous - Dolphin Real Estates","og_description":"Dolphin Real Estates Votre partenaire immobilier local A propos de nous Nous ne sommes pas simplement une autre agence immobili\u00e8re. Nous sommes votre guide : nous vous aidons \u00e0 trouver la maison qui correspond \u00e0 votre style de vie ou \u00e0 la vendre \u00e0 un prix qui vous fait sourire. Pourquoi travailler avec nous? Nous connaissons les quartiers tha\u00eflandais par c\u0153ur\u00a0: \u00e9coles, plages, transports ...","og_url":"https:\/\/dolphinrealestates.com\/fr\/a-propos-de-nous\/","og_site_name":"Dolphin Real Estates","article_publisher":"https:\/\/www.facebook.com\/Dolphinthailandrealestates","article_modified_time":"2025-06-17T01:21:08+00:00","twitter_card":"summary_large_image","twitter_misc":{"Dur\u00e9e de lecture estim\u00e9e":"1 minute"},"schema":{"@context":"https:\/\/schema.org","@graph":[{"@type":"WebPage","@id":"https:\/\/dolphinrealestates.com\/fr\/a-propos-de-nous\/","url":"https:\/\/dolphinrealestates.com\/fr\/a-propos-de-nous\/","name":"\u00c0 propos de nous - Dolphin Real Estates","isPartOf":{"@id":"https:\/\/dolphinrealestates.com\/fr\/#website"},"datePublished":"2022-04-12T11:00:35+00:00","dateModified":"2025-06-17T01:21:08+00:00","breadcrumb":{"@id":"https:\/\/dolphinrealestates.com\/fr\/a-propos-de-nous\/#breadcrumb"},"inLanguage":"fr-FR","potentialAction":[{"@type":"ReadAction","target":["https:\/\/dolphinrealestates.com\/fr\/a-propos-de-nous\/"]}]},{"@type":"BreadcrumbList","@id":"https:\/\/dolphinrealestates.com\/fr\/a-propos-de-nous\/#breadcrumb","itemListElement":[{"@type":"ListItem","position":1,"name":"Home","item":"https:\/\/dolphinrealestates.com\/fr\/"},{"@type":"ListItem","position":2,"name":"\u00c0 propos de nous"}]},{"@type":"WebSite","@id":"https:\/\/dolphinrealestates.com\/fr\/#website","url":"https:\/\/dolphinrealestates.com\/fr\/","name":"Dolphin Real Estates","description":"Your Home. Your Future. Our Priority.","publisher":{"@id":"https:\/\/dolphinrealestates.com\/fr\/#organization"},"potentialAction":[{"@type":"SearchAction","target":{"@type":"EntryPoint","urlTemplate":"https:\/\/dolphinrealestates.com\/fr\/?s={search_term_string}"},"query-input":{"@type":"PropertyValueSpecification","valueRequired":true,"valueName":"search_term_string"}}],"inLanguage":"fr-FR"},{"@type":"Organization","@id":"https:\/\/dolphinrealestates.com\/fr\/#organization","name":"Dolphin Real Estates","url":"https:\/\/dolphinrealestates.com\/fr\/","logo":{"@type":"ImageObject","inLanguage":"fr-FR","@id":"https:\/\/dolphinrealestates.com\/fr\/#\/schema\/logo\/image\/","url":"https:\/\/dolphinrealestates.com\/wp-content\/uploads\/2025\/06\/logoicon512.png","contentUrl":"https:\/\/dolphinrealestates.com\/wp-content\/uploads\/2025\/06\/logoicon512.png","width":512,"height":512,"caption":"Dolphin Real Estates"},"image":{"@id":"https:\/\/dolphinrealestates.com\/fr\/#\/schema\/logo\/image\/"},"sameAs":["https:\/\/www.facebook.com\/Dolphinthailandrealestates","https:\/\/www.instagram.com\/dolphin.realestate.th"]}]}},"_links":{"self":[{"href":"https:\/\/dolphinrealestates.com\/fr\/wp-json\/wp\/v2\/pages\/32208","targetHints":{"allow":["GET"]}}],"collection":[{"href":"https:\/\/dolphinrealestates.com\/fr\/wp-json\/wp\/v2\/pages"}],"about":[{"href":"https:\/\/dolphinrealestates.com\/fr\/wp-json\/wp\/v2\/types\/page"}],"author":[{"embeddable":true,"href":"https:\/\/dolphinrealestates.com\/fr\/wp-json\/wp\/v2\/users\/2"}],"replies":[{"embeddable":true,"href":"https:\/\/dolphinrealestates.com\/fr\/wp-json\/wp\/v2\/comments?post=32208"}],"version-history":[{"count":0,"href":"https:\/\/dolphinrealestates.com\/fr\/wp-json\/wp\/v2\/pages\/32208\/revisions"}],"wp:attachment":[{"href":"https:\/\/dolphinrealestates.com\/fr\/wp-json\/wp\/v2\/media?parent=32208"}],"curies":[{"name":"wp","href":"https:\/\/api.w.org\/{rel}","templated":true}]}}